{"id":20,"date":"2025-05-11T21:27:24","date_gmt":"2025-05-12T00:27:24","guid":{"rendered":"https:\/\/capacitacionessalta.com.ar\/?page_id=20"},"modified":"2025-05-11T21:44:22","modified_gmt":"2025-05-12T00:44:22","slug":"objetivos","status":"publish","type":"page","link":"https:\/\/capacitacionessalta.com.ar\/?page_id=20","title":{"rendered":"Objetivos"},"content":{"rendered":"\n<div class=\"wp-block-columns is-layout-flex wp-container-core-columns-is-layout-28f84493 wp-block-columns-is-layout-flex\">\n<div class=\"wp-block-column is-layout-flow wp-block-column-is-layout-flow\">\n<p class=\"has-text-align-center\"><strong>MISI\u00d3N<\/strong><\/p>\n\n\n\n<p class=\"has-text-align-center\"><br>Brindar capacitaciones deportivas virtuales accesibles, actualizadas y de calidad, orientadas principalmente al f\u00fatbol, con el objetivo de formar, profesionalizar e inspirar a entrenadores, deportistas, estudiantes y apasionados del deporte desde cualquier lugar\u00a0del\u00a0mundo.<\/p>\n<\/div>\n\n\n\n<div class=\"wp-block-column is-layout-flow wp-block-column-is-layout-flow\">\n<p class=\"has-text-align-center\"><strong>VISI\u00d3N<\/strong><\/p>\n\n\n\n<p class=\"has-text-align-center\"><br>Ser un referente en educaci\u00f3n deportiva online en Latinoam\u00e9rica, promoviendo una comunidad comprometida con el aprendizaje, la mejora continua y el desarrollo integral del f\u00fatbol, tanto en el plano t\u00e9cnico\u00a0como\u00a0humano.<\/p>\n<\/div>\n<\/div>\n","protected":false},"excerpt":{"rendered":"<p>MISI\u00d3N Brindar capacitaciones deportivas virtuales accesibles, actualizadas y de calidad, orientadas principalmente al f\u00fatbol, con el objetivo de formar, profesionalizar e inspirar a entrenadores, deportistas, estudiantes y apasionados del deporte desde cualquier lugar\u00a0del\u00a0mundo. VISI\u00d3N Ser un referente en educaci\u00f3n deportiva online en Latinoam\u00e9rica, promoviendo una comunidad comprometida con el aprendizaje, la mejora continua y el [&hellip;]<\/p>\n","protected":false},"author":1,"featured_media":0,"parent":0,"menu_order":0,"comment_status":"closed","ping_status":"closed","template":"","meta":{"footnotes":""},"class_list":["post-20","page","type-page","status-publish","hentry"],"blocksy_meta":[],"_links":{"self":[{"href":"https:\/\/capacitacionessalta.com.ar\/index.php?rest_route=\/wp\/v2\/pages\/20","targetHints":{"allow":["GET"]}}],"collection":[{"href":"https:\/\/capacitacionessalta.com.ar\/index.php?rest_route=\/wp\/v2\/pages"}],"about":[{"href":"https:\/\/capacitacionessalta.com.ar\/index.php?rest_route=\/wp\/v2\/types\/page"}],"author":[{"embeddable":true,"href":"https:\/\/capacitacionessalta.com.ar\/index.php?rest_route=\/wp\/v2\/users\/1"}],"replies":[{"embeddable":true,"href":"https:\/\/capacitacionessalta.com.ar\/index.php?rest_route=%2Fwp%2Fv2%2Fcomments&post=20"}],"version-history":[{"count":5,"href":"https:\/\/capacitacionessalta.com.ar\/index.php?rest_route=\/wp\/v2\/pages\/20\/revisions"}],"predecessor-version":[{"id":42,"href":"https:\/\/capacitacionessalta.com.ar\/index.php?rest_route=\/wp\/v2\/pages\/20\/revisions\/42"}],"wp:attachment":[{"href":"https:\/\/capacitacionessalta.com.ar\/index.php?rest_route=%2Fwp%2Fv2%2Fmedia&parent=20"}],"curies":[{"name":"wp","href":"https:\/\/api.w.org\/{rel}","templated":true}]}}