{"id":18,"date":"2025-05-11T21:27:24","date_gmt":"2025-05-12T00:27:24","guid":{"rendered":"https:\/\/capacitacionessalta.com.ar\/?page_id=18"},"modified":"2025-05-11T22:10:45","modified_gmt":"2025-05-12T01:10:45","slug":"quienes-somos","status":"publish","type":"page","link":"https:\/\/capacitacionessalta.com.ar\/?page_id=18","title":{"rendered":"\u00bfQui\u00e9nes Somos?"},"content":{"rendered":"\n<div class=\"wp-block-columns is-layout-flex wp-container-core-columns-is-layout-28f84493 wp-block-columns-is-layout-flex\">\n<div class=\"wp-block-column is-layout-flow wp-block-column-is-layout-flow\">\n<div class=\"wp-block-media-text is-stacked-on-mobile\" style=\"grid-template-columns:35% auto\"><figure class=\"wp-block-media-text__media\"><img loading=\"lazy\" decoding=\"async\" width=\"500\" height=\"500\" src=\"https:\/\/capacitacionessalta.com.ar\/wp-content\/uploads\/2025\/05\/logo-capacitaciones-salta-1.png\" alt=\"\" class=\"wp-image-54 size-full\" srcset=\"https:\/\/capacitacionessalta.com.ar\/wp-content\/uploads\/2025\/05\/logo-capacitaciones-salta-1.png 500w, https:\/\/capacitacionessalta.com.ar\/wp-content\/uploads\/2025\/05\/logo-capacitaciones-salta-1-300x300.png 300w, https:\/\/capacitacionessalta.com.ar\/wp-content\/uploads\/2025\/05\/logo-capacitaciones-salta-1-150x150.png 150w\" sizes=\"auto, (max-width: 500px) 100vw, 500px\" \/><\/figure><div class=\"wp-block-media-text__content\">\n<p><strong>Capacitaciones Salta es un proyecto educativo nacido con el objetivo de acercar la formaci\u00f3n deportiva a todas las personas interesadas en el f\u00fatbol, sin barreras geogr\u00e1ficas ni econ\u00f3micas.<br>Creemos en el poder del conocimiento para transformar realidades y en la importancia de capacitar a quienes forman, entrenan, acompa\u00f1an y viven el deporte con pasi\u00f3n. Por eso, ofrecemos cursos virtuales de alta calidad dictados por profesionales con amplia experiencia en clubes, selecciones y \u00e1mbitos educativos de todo el continente.<br>Nuestra comunidad est\u00e1 formada por entrenadores, preparadores f\u00edsicos, psic\u00f3logos, estudiantes, deportistas y amantes del f\u00fatbol que comparten un mismo objetivo: seguir aprendiendo y creciendo, desde cualquier lugar del mundo.<br>Capacitaciones Salta es aprendizaje, es compromiso, es f\u00fatbol.<\/strong><\/p>\n\n\n\n<p><strong><br><em>Formamos a quienes forman.<\/em><\/strong><\/p>\n<\/div><\/div>\n<\/div>\n<\/div>\n","protected":false},"excerpt":{"rendered":"<p>Capacitaciones Salta es un proyecto educativo nacido con el objetivo de acercar la formaci\u00f3n deportiva a todas las personas interesadas en el f\u00fatbol, sin barreras geogr\u00e1ficas ni econ\u00f3micas.Creemos en el poder del conocimiento para transformar realidades y en la importancia de capacitar a quienes forman, entrenan, acompa\u00f1an y viven el deporte con pasi\u00f3n. Por eso, [&hellip;]<\/p>\n","protected":false},"author":1,"featured_media":0,"parent":0,"menu_order":0,"comment_status":"closed","ping_status":"closed","template":"","meta":{"footnotes":""},"class_list":["post-18","page","type-page","status-publish","hentry"],"blocksy_meta":[],"_links":{"self":[{"href":"https:\/\/capacitacionessalta.com.ar\/index.php?rest_route=\/wp\/v2\/pages\/18","targetHints":{"allow":["GET"]}}],"collection":[{"href":"https:\/\/capacitacionessalta.com.ar\/index.php?rest_route=\/wp\/v2\/pages"}],"about":[{"href":"https:\/\/capacitacionessalta.com.ar\/index.php?rest_route=\/wp\/v2\/types\/page"}],"author":[{"embeddable":true,"href":"https:\/\/capacitacionessalta.com.ar\/index.php?rest_route=\/wp\/v2\/users\/1"}],"replies":[{"embeddable":true,"href":"https:\/\/capacitacionessalta.com.ar\/index.php?rest_route=%2Fwp%2Fv2%2Fcomments&post=18"}],"version-history":[{"count":5,"href":"https:\/\/capacitacionessalta.com.ar\/index.php?rest_route=\/wp\/v2\/pages\/18\/revisions"}],"predecessor-version":[{"id":56,"href":"https:\/\/capacitacionessalta.com.ar\/index.php?rest_route=\/wp\/v2\/pages\/18\/revisions\/56"}],"wp:attachment":[{"href":"https:\/\/capacitacionessalta.com.ar\/index.php?rest_route=%2Fwp%2Fv2%2Fmedia&parent=18"}],"curies":[{"name":"wp","href":"https:\/\/api.w.org\/{rel}","templated":true}]}}